{"id":8113,"date":"2023-11-22T11:20:08","date_gmt":"2023-11-22T14:20:08","guid":{"rendered":"https:\/\/choicelog.com.br\/choicelog\/?page_id=8113"},"modified":"2025-07-28T10:18:41","modified_gmt":"2025-07-28T13:18:41","slug":"whatsapp-geral","status":"publish","type":"page","link":"https:\/\/choicelog.com.br\/choicelog\/whatsapp-geral\/","title":{"rendered":"WhatsApp [ Geral ]"},"content":{"rendered":"\t\t<div data-elementor-type=\"wp-page\" data-elementor-id=\"8113\" class=\"elementor elementor-8113\" data-elementor-post-type=\"page\">\n\t\t\t\t\t\t<section class=\"elementor-section elementor-top-section elementor-element elementor-element-6dfbd91 elementor-section-boxed elementor-section-height-default elementor-section-height-default\" data-id=\"6dfbd91\" data-element_type=\"section\">\n\t\t\t\t\t\t<div class=\"elementor-container elementor-column-gap-default\">\n\t\t\t\t\t<div class=\"elementor-column elementor-col-100 elementor-top-column elementor-element elementor-element-a355261\" data-id=\"a355261\" data-element_type=\"column\">\n\t\t\t<div class=\"elementor-widget-wrap elementor-element-populated\">\n\t\t\t\t\t\t<div class=\"elementor-element elementor-element-991a2d9 elementor-widget elementor-widget-html\" data-id=\"991a2d9\" data-element_type=\"widget\" data-widget_type=\"html.default\">\n\t\t\t\t<div class=\"elementor-widget-container\">\n\t\t\t\t\t<script>\r\n url = \"https:\/\/api.whatsapp.com\/send?phone=5513974039585&text=Ol%C3%A1%20Choice%20Logistics%20Trading...\";\r\n params = window.location.search;\r\n window.onload = function() {\r\n   setTimeout(function(){\r\n      window.location.href = url + params;\r\n   }, 1500)\r\n };\r\n<\/script>\t\t\t\t<\/div>\n\t\t\t\t<\/div>\n\t\t\t\t\t<\/div>\n\t\t<\/div>\n\t\t\t\t\t<\/div>\n\t\t<\/section>\n\t\t\t\t<\/div>\n\t\t","protected":false},"excerpt":{"rendered":"","protected":false},"author":2,"featured_media":0,"parent":0,"menu_order":0,"comment_status":"closed","ping_status":"closed","template":"elementor_canvas","meta":{"footnotes":""},"class_list":["post-8113","page","type-page","status-publish","hentry"],"yoast_head":"<!-- This site is optimized with the Yoast SEO plugin v27.3 - https:\/\/yoast.com\/product\/yoast-seo-wordpress\/ -->\n<title>WhatsApp [ Geral ] - Choice Logistics &amp; Trading<\/title>\n<meta name=\"robots\" content=\"index, follow, max-snippet:-1, max-image-preview:large, max-video-preview:-1\" \/>\n<link rel=\"canonical\" href=\"https:\/\/choicelog.com.br\/choicelog\/whatsapp-geral\/\" \/>\n<meta property=\"og:locale\" content=\"pt_BR\" \/>\n<meta property=\"og:type\" content=\"article\" \/>\n<meta property=\"og:title\" content=\"WhatsApp [ Geral ] - Choice Logistics &amp; Trading\" \/>\n<meta property=\"og:url\" content=\"https:\/\/choicelog.com.br\/choicelog\/whatsapp-geral\/\" \/>\n<meta property=\"og:site_name\" content=\"Choice Logistics &amp; Trading\" \/>\n<meta property=\"article:modified_time\" content=\"2025-07-28T13:18:41+00:00\" \/>\n<meta name=\"twitter:card\" content=\"summary_large_image\" \/>\n<script type=\"application\/ld+json\" class=\"yoast-schema-graph\">{\"@context\":\"https:\\\/\\\/schema.org\",\"@graph\":[{\"@type\":\"WebPage\",\"@id\":\"https:\\\/\\\/choicelog.com.br\\\/choicelog\\\/whatsapp-geral\\\/\",\"url\":\"https:\\\/\\\/choicelog.com.br\\\/choicelog\\\/whatsapp-geral\\\/\",\"name\":\"WhatsApp [ Geral ] - Choice Logistics &amp; Trading\",\"isPartOf\":{\"@id\":\"https:\\\/\\\/choicelog.com.br\\\/choicelog\\\/#website\"},\"datePublished\":\"2023-11-22T14:20:08+00:00\",\"dateModified\":\"2025-07-28T13:18:41+00:00\",\"breadcrumb\":{\"@id\":\"https:\\\/\\\/choicelog.com.br\\\/choicelog\\\/whatsapp-geral\\\/#breadcrumb\"},\"inLanguage\":\"pt-BR\",\"potentialAction\":[{\"@type\":\"ReadAction\",\"target\":[\"https:\\\/\\\/choicelog.com.br\\\/choicelog\\\/whatsapp-geral\\\/\"]}]},{\"@type\":\"BreadcrumbList\",\"@id\":\"https:\\\/\\\/choicelog.com.br\\\/choicelog\\\/whatsapp-geral\\\/#breadcrumb\",\"itemListElement\":[{\"@type\":\"ListItem\",\"position\":1,\"name\":\"In\u00edcio\",\"item\":\"https:\\\/\\\/choicelog.com.br\\\/choicelog\\\/\"},{\"@type\":\"ListItem\",\"position\":2,\"name\":\"WhatsApp [ Geral ]\"}]},{\"@type\":\"WebSite\",\"@id\":\"https:\\\/\\\/choicelog.com.br\\\/choicelog\\\/#website\",\"url\":\"https:\\\/\\\/choicelog.com.br\\\/choicelog\\\/\",\"name\":\"Choice Logistics &amp; Trading\",\"description\":\"Transporte de Cargas para Todo Brasil - Solu\u00e7\u00f5es eficientes, inteligentes e confi\u00e1veis - Sempre no seu destino\",\"publisher\":{\"@id\":\"https:\\\/\\\/choicelog.com.br\\\/choicelog\\\/#organization\"},\"potentialAction\":[{\"@type\":\"SearchAction\",\"target\":{\"@type\":\"EntryPoint\",\"urlTemplate\":\"https:\\\/\\\/choicelog.com.br\\\/choicelog\\\/?s={search_term_string}\"},\"query-input\":{\"@type\":\"PropertyValueSpecification\",\"valueRequired\":true,\"valueName\":\"search_term_string\"}}],\"inLanguage\":\"pt-BR\"},{\"@type\":\"Organization\",\"@id\":\"https:\\\/\\\/choicelog.com.br\\\/choicelog\\\/#organization\",\"name\":\"Choice Logistics &amp; Trading\",\"url\":\"https:\\\/\\\/choicelog.com.br\\\/choicelog\\\/\",\"logo\":{\"@type\":\"ImageObject\",\"inLanguage\":\"pt-BR\",\"@id\":\"https:\\\/\\\/choicelog.com.br\\\/choicelog\\\/#\\\/schema\\\/logo\\\/image\\\/\",\"url\":\"https:\\\/\\\/choicelog.com.br\\\/choicelog\\\/wp-content\\\/uploads\\\/2025\\\/02\\\/choice_original.png\",\"contentUrl\":\"https:\\\/\\\/choicelog.com.br\\\/choicelog\\\/wp-content\\\/uploads\\\/2025\\\/02\\\/choice_original.png\",\"width\":733,\"height\":301,\"caption\":\"Choice Logistics &amp; Trading\"},\"image\":{\"@id\":\"https:\\\/\\\/choicelog.com.br\\\/choicelog\\\/#\\\/schema\\\/logo\\\/image\\\/\"}}]}<\/script>\n<!-- \/ Yoast SEO plugin. -->","yoast_head_json":{"title":"WhatsApp [ Geral ] - Choice Logistics &amp; Trading","robots":{"index":"index","follow":"follow","max-snippet":"max-snippet:-1","max-image-preview":"max-image-preview:large","max-video-preview":"max-video-preview:-1"},"canonical":"https:\/\/choicelog.com.br\/choicelog\/whatsapp-geral\/","og_locale":"pt_BR","og_type":"article","og_title":"WhatsApp [ Geral ] - Choice Logistics &amp; Trading","og_url":"https:\/\/choicelog.com.br\/choicelog\/whatsapp-geral\/","og_site_name":"Choice Logistics &amp; Trading","article_modified_time":"2025-07-28T13:18:41+00:00","twitter_card":"summary_large_image","schema":{"@context":"https:\/\/schema.org","@graph":[{"@type":"WebPage","@id":"https:\/\/choicelog.com.br\/choicelog\/whatsapp-geral\/","url":"https:\/\/choicelog.com.br\/choicelog\/whatsapp-geral\/","name":"WhatsApp [ Geral ] - Choice Logistics &amp; Trading","isPartOf":{"@id":"https:\/\/choicelog.com.br\/choicelog\/#website"},"datePublished":"2023-11-22T14:20:08+00:00","dateModified":"2025-07-28T13:18:41+00:00","breadcrumb":{"@id":"https:\/\/choicelog.com.br\/choicelog\/whatsapp-geral\/#breadcrumb"},"inLanguage":"pt-BR","potentialAction":[{"@type":"ReadAction","target":["https:\/\/choicelog.com.br\/choicelog\/whatsapp-geral\/"]}]},{"@type":"BreadcrumbList","@id":"https:\/\/choicelog.com.br\/choicelog\/whatsapp-geral\/#breadcrumb","itemListElement":[{"@type":"ListItem","position":1,"name":"In\u00edcio","item":"https:\/\/choicelog.com.br\/choicelog\/"},{"@type":"ListItem","position":2,"name":"WhatsApp [ Geral ]"}]},{"@type":"WebSite","@id":"https:\/\/choicelog.com.br\/choicelog\/#website","url":"https:\/\/choicelog.com.br\/choicelog\/","name":"Choice Logistics &amp; Trading","description":"Transporte de Cargas para Todo Brasil - Solu\u00e7\u00f5es eficientes, inteligentes e confi\u00e1veis - Sempre no seu destino","publisher":{"@id":"https:\/\/choicelog.com.br\/choicelog\/#organization"},"potentialAction":[{"@type":"SearchAction","target":{"@type":"EntryPoint","urlTemplate":"https:\/\/choicelog.com.br\/choicelog\/?s={search_term_string}"},"query-input":{"@type":"PropertyValueSpecification","valueRequired":true,"valueName":"search_term_string"}}],"inLanguage":"pt-BR"},{"@type":"Organization","@id":"https:\/\/choicelog.com.br\/choicelog\/#organization","name":"Choice Logistics &amp; Trading","url":"https:\/\/choicelog.com.br\/choicelog\/","logo":{"@type":"ImageObject","inLanguage":"pt-BR","@id":"https:\/\/choicelog.com.br\/choicelog\/#\/schema\/logo\/image\/","url":"https:\/\/choicelog.com.br\/choicelog\/wp-content\/uploads\/2025\/02\/choice_original.png","contentUrl":"https:\/\/choicelog.com.br\/choicelog\/wp-content\/uploads\/2025\/02\/choice_original.png","width":733,"height":301,"caption":"Choice Logistics &amp; Trading"},"image":{"@id":"https:\/\/choicelog.com.br\/choicelog\/#\/schema\/logo\/image\/"}}]}},"_links":{"self":[{"href":"https:\/\/choicelog.com.br\/choicelog\/wp-json\/wp\/v2\/pages\/8113","targetHints":{"allow":["GET"]}}],"collection":[{"href":"https:\/\/choicelog.com.br\/choicelog\/wp-json\/wp\/v2\/pages"}],"about":[{"href":"https:\/\/choicelog.com.br\/choicelog\/wp-json\/wp\/v2\/types\/page"}],"author":[{"embeddable":true,"href":"https:\/\/choicelog.com.br\/choicelog\/wp-json\/wp\/v2\/users\/2"}],"replies":[{"embeddable":true,"href":"https:\/\/choicelog.com.br\/choicelog\/wp-json\/wp\/v2\/comments?post=8113"}],"version-history":[{"count":13,"href":"https:\/\/choicelog.com.br\/choicelog\/wp-json\/wp\/v2\/pages\/8113\/revisions"}],"predecessor-version":[{"id":8984,"href":"https:\/\/choicelog.com.br\/choicelog\/wp-json\/wp\/v2\/pages\/8113\/revisions\/8984"}],"wp:attachment":[{"href":"https:\/\/choicelog.com.br\/choicelog\/wp-json\/wp\/v2\/media?parent=8113"}],"curies":[{"name":"wp","href":"https:\/\/api.w.org\/{rel}","templated":true}]}}